{"id":191,"date":"2023-08-08T06:19:19","date_gmt":"2023-08-08T04:19:19","guid":{"rendered":"https:\/\/sturecki.pl\/?page_id=191"},"modified":"2023-08-24T15:48:52","modified_gmt":"2023-08-24T13:48:52","slug":"komentarze","status":"publish","type":"page","link":"https:\/\/sturecki.pl\/?page_id=191","title":{"rendered":"Komentarze"},"content":{"rendered":"\n<p class=\"has-larger-font-size\"><\/p>\n\n\n\n<p><\/p>\n\n\n\n<p class=\"has-text-align-center\"><strong>Je\u017celi masz ochot\u0119 porozmawia\u0107 ze mn\u0105 na jakikolwiek temat mo\u017cesz to zrobi\u0107 na cztery sposoby:<\/strong><\/p>\n\n\n\n<p class=\"has-text-align-center\"><strong>1\/ za pomoc\u0105 adresu e-mail: Wysnute.sturecki@onet.eu \u2013 korespondencja wy\u0142\u0105cznie do naszej wiadomo\u015bci; <\/strong><\/p>\n\n\n\n<p class=\"has-text-align-center\"><strong>2\/ za pomoc\u0105 adresu e-mail: Wysnute.sturecki@onet.eu \u2013 za zgod\u0105 korespondencja zostanie umieszczona na mojej stronie: www.sturecki.pl; <\/strong><\/p>\n\n\n\n<p class=\"has-text-align-center\"><strong>3\/ w zak\u0142adce KOMENTARZE na mojej stronie: www.sturecki.pl; <\/strong><\/p>\n\n\n\n<p class=\"has-text-align-center\"><strong>4\/ bezpo\u015brednio, o ile uzgodnimy takie spotkanie.<\/strong> <\/p>\n\n\n\n<p class=\"has-larger-font-size\"><strong>FIZYCZNIE O POEZJI<\/strong> &#8211; materia\u0142 do dyskusji.<\/p>\n\n\n\n<p class=\"has-cod-gray-color has-text-color\" style=\"font-size:16px\"><strong>PROWOKACJA.<\/strong><\/p>\n\n\n\n<p class=\"has-cod-gray-color has-text-color\" style=\"font-size:16px\">Najcz\u0119\u015bciej \u2013 Nie inaczej. Wiersz wymaga: \u017cywego autora, chwili natchnienia, wysi\u0142ku d\u0142oni na klawiaturze.<\/p>\n\n\n\n<p class=\"has-cod-gray-color has-text-color\" style=\"font-size:16px\">Kiedy to si\u0119 stanie pozostaje: autorowi \u2013 dziwi\u0107 si\u0119, \u017ce tak zamys\u0142 uj\u0105\u0142, a wszystkim pozosta\u0142ym \u2013 czyta\u0107.<\/p>\n\n\n\n<p class=\"has-cod-gray-color has-text-color\" style=\"font-size:16px\">Gdy ju\u017c to nast\u0105pi, los wiersza staje si\u0119 \u0142upem: szuflady, znajomych, wydawcy, a z brutalniejszych miejsc: kosza lub pieca.<\/p>\n\n\n\n<p class=\"has-cod-gray-color has-text-color\" style=\"font-size:16px\"><strong>POR\u00d3WNANIE.<\/strong><\/p>\n\n\n\n<p class=\"has-cod-gray-color has-text-color\" style=\"font-size:16px\">Pisanie wiersza znajduje odzwierciedlenie w zasadach Newtona.<\/p>\n\n\n\n<p class=\"has-cod-gray-color has-text-color\" style=\"font-size:16px\">Pierwsza zasada okre\u015bla znaczenie si\u0142y, tw\u00f3rczej mocy autora z ca\u0142\u0105 jego wra\u017cliwo\u015bci\u0105.<\/p>\n\n\n\n<p class=\"has-cod-gray-color has-text-color\" style=\"font-size:16px\">Druga zasada pozwala zmierzy\u0107 si\u0142\u0119 no\u015bn\u0105 utworu.<\/p>\n\n\n\n<p class=\"has-cod-gray-color has-text-color\" style=\"font-size:16px\">Trzecia zasada dobitnie podkre\u015bla, \u017ce no\u015bno\u015b\u0107 tre\u015bci nie ma \u017cadnego znaczenia w izolacji.<\/p>\n\n\n\n<p class=\"has-cod-gray-color has-text-color\" style=\"font-size:16px\"><strong>WNIOSEK<\/strong>.<\/p>\n\n\n\n<p class=\"has-cod-gray-color has-text-color\" style=\"font-size:16px\">Piszcie i upubliczniajcie.<\/p>\n","protected":false},"excerpt":{"rendered":"<p>Je\u017celi masz ochot\u0119 porozmawia\u0107 ze mn\u0105 na jakikolwiek temat mo\u017cesz to zrobi\u0107 na cztery sposoby: 1\/ za pomoc\u0105 adresu e-mail: Wysnute.sturecki@onet.eu \u2013 korespondencja wy\u0142\u0105cznie do naszej wiadomo\u015bci; 2\/ za pomoc\u0105 adresu e-mail: Wysnute.sturecki@onet.eu \u2013 za zgod\u0105 korespondencja zostanie umieszczona na mojej stronie: www.sturecki.pl; 3\/ w zak\u0142adce KOMENTARZE na mojej stronie: [&hellip;]<\/p>\n","protected":false},"author":1,"featured_media":0,"parent":0,"menu_order":0,"comment_status":"open","ping_status":"closed","template":"","meta":{"footnotes":""},"_links":{"self":[{"href":"https:\/\/sturecki.pl\/index.php?rest_route=\/wp\/v2\/pages\/191"}],"collection":[{"href":"https:\/\/sturecki.pl\/index.php?rest_route=\/wp\/v2\/pages"}],"about":[{"href":"https:\/\/sturecki.pl\/index.php?rest_route=\/wp\/v2\/types\/page"}],"author":[{"embeddable":true,"href":"https:\/\/sturecki.pl\/index.php?rest_route=\/wp\/v2\/users\/1"}],"replies":[{"embeddable":true,"href":"https:\/\/sturecki.pl\/index.php?rest_route=%2Fwp%2Fv2%2Fcomments&post=191"}],"version-history":[{"count":13,"href":"https:\/\/sturecki.pl\/index.php?rest_route=\/wp\/v2\/pages\/191\/revisions"}],"predecessor-version":[{"id":275,"href":"https:\/\/sturecki.pl\/index.php?rest_route=\/wp\/v2\/pages\/191\/revisions\/275"}],"wp:attachment":[{"href":"https:\/\/sturecki.pl\/index.php?rest_route=%2Fwp%2Fv2%2Fmedia&parent=191"}],"curies":[{"name":"wp","href":"https:\/\/api.w.org\/{rel}","templated":true}]}}