{"id":18,"date":"2023-04-15T20:17:10","date_gmt":"2023-04-15T18:17:10","guid":{"rendered":"http:\/\/sturecki.pl\/?page_id=18"},"modified":"2025-07-18T18:17:42","modified_gmt":"2025-07-18T16:17:42","slug":"dokonanie-tworcze","status":"publish","type":"page","link":"https:\/\/sturecki.pl\/?page_id=18","title":{"rendered":"Dokonania"},"content":{"rendered":"\n<p class=\"has-text-align-center\"><strong>Swoje skromne dokonania b\u0119d\u0119 publikowa\u0142 co pewien czas, prezentuj\u0105c ich form\u0119, tre\u015b\u0107 i przes\u0142anie oraz to, co w nich charakterystyczne.<\/strong><\/p>\n\n\n\n<p class=\"has-text-align-center\"><strong>Zmuszam do refleksji o sobie, o Tobie, o innych, o \u017cyciu.<br>Bawi\u0119 si\u0119 s\u0142owem<\/strong><\/p>\n\n\n\n<p class=\"has-text-align-center\"><strong>Moje utwory z komentarzami czytelnik\u00f3w mo\u017cna przeczyta\u0107 na stronie TwojeWiersze.pl &#8211; link do mojego profilu: <a href=\"https:\/\/www.twojewiersze.pl\/pl\/autor,XzEiNkk5WDE1NnswejhaOHUzdTA\">sturecki na TwojeWiersze.pl<\/a><\/strong><\/p>\n\n\n\n<p class=\"has-larger-font-size\">Humor-Rozrywka-Satyra<\/p>\n\n\n\n<p>Pomys\u0142odawca i Redaktor Naczelny miesi\u0119cznika szaradziarskiego HUMOR-RUZRYWKA-SATYRA<br>wydawanego w latach 1991-1996<\/p>\n\n\n\n<p class=\"has-larger-font-size\"><a href=\"https:\/\/sturecki.pl\/?page_id=9\" data-type=\"link\" data-id=\"https:\/\/sturecki.pl\/?page_id=9\">Wysnute z my\u015bli<\/a><\/p>\n\n\n\n<p>Zbi\u00f3r fraszek, aforyzm\u00f3w, oksymoron\u00f3w, tak\u017ce pr\u00f3bek grafiki.<br>Publikacja wydana w 2023 roku.<\/p>\n\n\n\n<p class=\"has-larger-font-size\">Powie wi\u0119c poeta<\/p>\n\n\n\n<p>Na cykl sk\u0142adaj\u0105 si\u0119 tomiki wierszy zatutu\u0142owane:<\/p>\n\n\n\n<ul>\n<li>S\u0142owem obj\u0105\u0107 mi\u0142o\u015b\u0107<\/li>\n\n\n\n<li>S\u0142owem Boga wyrazi\u0107<\/li>\n\n\n\n<li>S\u0142owem siebie pokaza\u0107<\/li>\n\n\n\n<li>S\u0142owem wiersze napisa\u0107<\/li>\n\n\n\n<li>S\u0142owem pokaza\u0107 codzienno\u015b\u0107<\/li>\n\n\n\n<li>Moje Stani\u0105tki<\/li>\n<\/ul>\n\n\n\n<p><\/p>\n\n\n\n<p><\/p>\n","protected":false},"excerpt":{"rendered":"<p>Swoje skromne dokonania b\u0119d\u0119 publikowa\u0142 co pewien czas, prezentuj\u0105c ich form\u0119, tre\u015b\u0107 i przes\u0142anie oraz to, co w nich charakterystyczne. Zmuszam do refleksji o sobie, o Tobie, o innych, o \u017cyciu.Bawi\u0119 si\u0119 s\u0142owem Moje utwory z komentarzami czytelnik\u00f3w mo\u017cna przeczyta\u0107 na stronie TwojeWiersze.pl &#8211; link do mojego profilu: sturecki na [&hellip;]<\/p>\n","protected":false},"author":1,"featured_media":0,"parent":0,"menu_order":0,"comment_status":"closed","ping_status":"closed","template":"","meta":{"footnotes":""},"_links":{"self":[{"href":"https:\/\/sturecki.pl\/index.php?rest_route=\/wp\/v2\/pages\/18"}],"collection":[{"href":"https:\/\/sturecki.pl\/index.php?rest_route=\/wp\/v2\/pages"}],"about":[{"href":"https:\/\/sturecki.pl\/index.php?rest_route=\/wp\/v2\/types\/page"}],"author":[{"embeddable":true,"href":"https:\/\/sturecki.pl\/index.php?rest_route=\/wp\/v2\/users\/1"}],"replies":[{"embeddable":true,"href":"https:\/\/sturecki.pl\/index.php?rest_route=%2Fwp%2Fv2%2Fcomments&post=18"}],"version-history":[{"count":37,"href":"https:\/\/sturecki.pl\/index.php?rest_route=\/wp\/v2\/pages\/18\/revisions"}],"predecessor-version":[{"id":446,"href":"https:\/\/sturecki.pl\/index.php?rest_route=\/wp\/v2\/pages\/18\/revisions\/446"}],"wp:attachment":[{"href":"https:\/\/sturecki.pl\/index.php?rest_route=%2Fwp%2Fv2%2Fmedia&parent=18"}],"curies":[{"name":"wp","href":"https:\/\/api.w.org\/{rel}","templated":true}]}}