{"id":16,"date":"2023-04-15T20:16:31","date_gmt":"2023-04-15T18:16:31","guid":{"rendered":"http:\/\/sturecki.pl\/?page_id=16"},"modified":"2025-07-18T17:21:39","modified_gmt":"2025-07-18T15:21:39","slug":"o-sobie","status":"publish","type":"page","link":"https:\/\/sturecki.pl\/?page_id=16","title":{"rendered":"O sobie"},"content":{"rendered":"\n<p><strong>Fragment 1<\/strong><\/p>\n\n\n\n<p class=\"has-regular-font-size\">Swojego wizerunku nie musz\u0119 budowa\u0107. Jaki on jest wiedz\u0105 ci, kt\u00f3rzy mnie znaj\u0105 dos\u0142ownie, pobie\u017cnie lub ze s\u0142yszenia.<br>Sw\u00f3j wizerunek nieustannie utrwalam. \u015arodk\u00f3w ku temu jest wiele: \u017cyj\u0119, pisz\u0119, rysuj\u0119, robi\u0119 co trzeba, co powinienem, co tylko mog\u0119, czasami nie robi\u0119 nic.<br>M\u00f3j wizerunek jest taki, jakim go widzisz, czytasz o nim albo mnie znasz.<br>Na razie, tyle wystarczy.<\/p>\n\n\n\n<div style=\"height:30px\" aria-hidden=\"true\" class=\"wp-block-spacer\"><\/div>\n\n\n\n<p><strong>Fragment 2<\/strong><\/p>\n\n\n\n<p>Publikacja &#8222;WYSNUTE Z MY\u015aLI&#8221; to m\u00f3j pomys\u0142 na rozw\u00f3j pasji. Czy jest ona wi\u0119ksza od twojej, czytelniczej ciekawo\u015bci? Tego nie wiem. Masz nade mn\u0105 przewag\u0119, bo mo\u017cesz pozna\u0107 moje dokonania i z \u0142atwo\u015bci\u0105 okre\u015bli\u0107 poziom swojego zainteresowania. Ch\u0119tnie go poznam, o ile zechcesz mnie o nim poinformowa\u0107. Adres mailowy znajdziesz z \u0142atwo\u015bci\u0105. <\/p>\n\n\n\n<div style=\"height:30px\" aria-hidden=\"true\" class=\"wp-block-spacer\"><\/div>\n\n\n\n<p><strong>Fragment 3<\/strong><\/p>\n\n\n\n<p>Sze\u015b\u0107 tomik\u00f3w z cyklu \u201ePOWIE WI\u0118C POETA\u201d to m\u00f3j osobisty zapis \u015bwiata widzianego przez s\u0142owo \u2013 niekoniecznie wymy\u015blone, ale zawsze prze\u017cyte.<\/p>\n\n\n\n<p><\/p>\n\n\n\n<p><strong>\u201eS\u0141OWEM OBJ\u0104\u0106 MI\u0141O\u015a\u0106\u201d<\/strong><br>\u2013 bo mi\u0142o\u015b\u0107 to temat wieczny, cho\u0107 ka\u017cdemu przydarza si\u0119 tylko raz, albo niesko\u0144czenie wiele razy inaczej.<br><strong>\u201eS\u0141OWEM WYPE\u0141NI\u0106 WIERSZE\u201d<\/strong><br>\u2013 bo forma bez tre\u015bci to pusty gest, a tre\u015b\u0107 bez s\u0142owa \u2013 niemy krzyk.<br><strong>\u201eS\u0141OWEM BOGA WYRAZI\u0106\u201d<\/strong><br>\u2013 nie dla pewno\u015bci, ale dla pytania, kt\u00f3re mo\u017ce by\u0107 modlitw\u0105.<br><strong>\u201eS\u0141OWEM SIEBIE POKAZA\u0106\u201d<\/strong><br>\u2013 nie po to, by b\u0142yszcze\u0107, ale \u017ceby nie znika\u0107.<br><strong>\u201eS\u0141OWEM OSWOI\u0106 CODZIENNO\u015a\u0106\u201d<\/strong><br>\u2013 bo to, co zwyk\u0142e, jest najtrudniejsze do wypowiedzenia.<br><strong>\u201eMOJE STANI\u0104TKI\u201d<\/strong><br>\u2013 czyli miejsce, gdzie wspomnienie staje si\u0119 bardziej obecne ni\u017c tera\u017aniejszo\u015b\u0107.<\/p>\n\n\n\n<p>Nie wiem, co jeszcze powiem jako poeta. Ale na razie powiedzia\u0142em tyle \u2013<br>i wystarczaj\u0105co, by\u015b m\u00f3g\u0142 mnie przeczyta\u0107.<\/p>\n\n\n\n<div style=\"height:30px\" aria-hidden=\"true\" class=\"wp-block-spacer\"><\/div>\n\n\n\n<p><strong>Fragment 4<\/strong><\/p>\n\n\n\n<p>Moje spojrzenie na sztuk\u0119 \u2013 zw\u0142aszcza poezj\u0119 i malarstwo \u2013 od lat dostarcza mi bod\u017ac\u00f3w do poszukiwa\u0144 nowych form wyra\u017cania uczu\u0107, wra\u017ce\u0144, siebie i innych na tle przebogatej codzienno\u015bci.<\/p>\n\n\n\n<p>Tak narodzi\u0142 si\u0119 TURECKIZM \u2013 tw\u00f3r zupe\u0142nie inny od dotychczasowych modeli poetyckich.<br>Schemat TURECKIZMU jest niezmienny w ka\u017cdym utworze: dwa wersy opisowe \u2013 pierwszy czternastozg\u0142oskowy, drugi jedenastozg\u0142oskowy \u2013<br>oraz trzeci wers refleksyjny zapisany schodkowo w uk\u0142adzie sylab: 4 3 2 2.<\/p>\n\n\n\n<p>Mam ju\u017c trzy tomiki TURECKIZM\u00d3W, zatytu\u0142owane odpowiednio:<br><strong>W BUKIETACH SPOSTRZE\u017bE\u0143<\/strong><br><strong>JESTEM \u2026 BY\u0141EM OPOWIADA\u0106 WIERSZEM<\/strong><br><strong>NA REGA\u0141ACH CODZIENNO\u015aCI<\/strong><\/p>\n\n\n\n<p>Czy taka forma si\u0119 przyjmie i spodoba \u2013 poka\u017ce czas.<br>P\u00f3ki co: patrz czytaj \u2013 i szukaj siebie.<\/p>\n\n\n\n<p><br><\/p>\n","protected":false},"excerpt":{"rendered":"<p>Fragment 1 Swojego wizerunku nie musz\u0119 budowa\u0107. Jaki on jest wiedz\u0105 ci, kt\u00f3rzy mnie znaj\u0105 dos\u0142ownie, pobie\u017cnie lub ze s\u0142yszenia.Sw\u00f3j wizerunek nieustannie utrwalam. \u015arodk\u00f3w ku temu jest wiele: \u017cyj\u0119, pisz\u0119, rysuj\u0119, robi\u0119 co trzeba, co powinienem, co tylko mog\u0119, czasami nie robi\u0119 nic.M\u00f3j wizerunek jest taki, jakim go widzisz, czytasz [&hellip;]<\/p>\n","protected":false},"author":1,"featured_media":0,"parent":0,"menu_order":0,"comment_status":"closed","ping_status":"closed","template":"","meta":{"footnotes":""},"_links":{"self":[{"href":"https:\/\/sturecki.pl\/index.php?rest_route=\/wp\/v2\/pages\/16"}],"collection":[{"href":"https:\/\/sturecki.pl\/index.php?rest_route=\/wp\/v2\/pages"}],"about":[{"href":"https:\/\/sturecki.pl\/index.php?rest_route=\/wp\/v2\/types\/page"}],"author":[{"embeddable":true,"href":"https:\/\/sturecki.pl\/index.php?rest_route=\/wp\/v2\/users\/1"}],"replies":[{"embeddable":true,"href":"https:\/\/sturecki.pl\/index.php?rest_route=%2Fwp%2Fv2%2Fcomments&post=16"}],"version-history":[{"count":33,"href":"https:\/\/sturecki.pl\/index.php?rest_route=\/wp\/v2\/pages\/16\/revisions"}],"predecessor-version":[{"id":403,"href":"https:\/\/sturecki.pl\/index.php?rest_route=\/wp\/v2\/pages\/16\/revisions\/403"}],"wp:attachment":[{"href":"https:\/\/sturecki.pl\/index.php?rest_route=%2Fwp%2Fv2%2Fmedia&parent=16"}],"curies":[{"name":"wp","href":"https:\/\/api.w.org\/{rel}","templated":true}]}}